{"id":1301,"date":"2021-06-19T19:30:04","date_gmt":"2021-06-19T19:30:04","guid":{"rendered":"https:\/\/www.pinkgirlbelleza.com\/?page_id=1301"},"modified":"2021-06-19T19:30:05","modified_gmt":"2021-06-19T19:30:05","slug":"aviso-legal","status":"publish","type":"page","link":"https:\/\/www.pinkgirlbelleza.com\/index.php\/aviso-legal\/","title":{"rendered":"Aviso Legal"},"content":{"rendered":"\n<p>1) IDENTIDAD DEL TITULAR DEL WEB<\/p>\n\n\n\n<p>El\/la titular del sitio Web www.pinkgirlbelleza.com es Yury Vanessa Hormaza Serna 41662423Q (en adelante, La empresa), domiciliada Calle de la barrera 24 bajos y direcci\u00f3n de correo electr\u00f3nico <a href=\"mailto:pinkgirlcentrodebelleza@gmail.com\">pinkgirlcentrodebelleza@gmail.com<\/a><\/p>\n\n\n\n<p>2) ACEPTACI\u00d3N DE LAS CONDICIONES DE USO<\/p>\n\n\n\n<p>Las presentes Condiciones de Uso regulan el uso de los servicios que La empresa pone gratuitamente a disposici\u00f3n del p\u00fablico en la presente URL. La utilizaci\u00f3n del sitio Web por un tercero le atribuye la condici\u00f3n de Usuario y supone la aceptaci\u00f3n plena por dicho Usuario, de todas y cada una de las condiciones que se incorporan en las presentes Condiciones de Uso. La empresa puede ofrecer a trav\u00e9s del sitio Web, servicios o productos que podr\u00e1n encontrarse sometidos a unas condiciones particulares propias que, seg\u00fan los casos, sustituyen, completan y\/o modifican las presentes Condiciones, y sobre las cuales se informar\u00e1 al Usuario en cada caso concreto.<\/p>\n\n\n\n<p>3) USO CORRECTO DEL SITIO WEB<\/p>\n\n\n\n<p>El Usuario se compromete a utilizar el sitio Web, los contenidos y servicios de conformidad con la Ley, las presentes Condiciones de Uso, las buenas costumbres y el orden p\u00fablico. Del mismo modo, el Usuario se obliga a no utilizar el sitio Web o los servicios que se presten a trav\u00e9s de \u00e9l con fines o efectos il\u00edcitos o contrarios al contenido de las presentes Condiciones de Uso, lesivos de los intereses o derechos de terceros, o que de cualquier forma pueda da\u00f1ar, inutilizar o deteriorar el sitio Web o sus servicios, o impedir un normal disfrute del sitio Web por otros Usuarios. Asimismo, el Usuario se compromete expresamente a no destruir, alterar, inutilizar o, de cualquier otra forma, da\u00f1ar los datos, programas o documentos electr\u00f3nicos y dem\u00e1s que se encuentren en el sitio Web de la empresa.<\/p>\n\n\n\n<p>El Usuario se compromete a no obstaculizar el acceso de otros Usuarios al servicio de acceso mediante el consumo masivo de los recursos inform\u00e1ticos a trav\u00e9s de los cuales La Compa\u00f1\u00eda presta el servicio, as\u00ed como realizar acciones que da\u00f1en, interrumpan o generen errores en dichos sistemas. El Usuario se compromete a no introducir programas, virus, macros, o cualquier otro dispositivo l\u00f3gico o secuencia de caracteres que causen o sean susceptibles de causar cualquier tipo de alteraci\u00f3n en los sistemas inform\u00e1ticos de La Compa\u00f1\u00eda o de terceros.<\/p>\n\n\n\n<p>4) PUBLICIDAD<\/p>\n\n\n\n<p>Parte del sitio Web puede albergar contenidos publicitarios o estar patrocinado. Los anunciantes y patrocinadores son los \u00fanicos responsables de asegurarse que el material remitido para su inclusi\u00f3n en el sitio Web cumple con las leyes que en cada caso puedan ser de aplicaci\u00f3n. La empresa no ser\u00e1 responsable de cualquier error, inexactitud o irregularidad que puedan contener los contenidos publicitarios o de los patrocinadores. En todo caso, para interponer cualquier reclamaci\u00f3n relacionada con los contenidos publicitarios insertados en este sitio Web, pueden dirigirse a la siguiente direcci\u00f3n de correo electr\u00f3nico: pinkgirlcentrodebelleza@gmail.com<\/p>\n\n\n\n<p>5) PROPIEDAD INTELECTUAL E INDUSTRIAL<\/p>\n\n\n\n<p>Todos los contenidos del sitio Web, salvo que se indique lo contrario, son titularidad exclusiva de la empresa o de terceros que han autorizado su inclusi\u00f3n en el sitio Web y, con car\u00e1cter enunciativo, que no limitativo, el dise\u00f1o gr\u00e1fico, c\u00f3digo fuente, logos, textos, gr\u00e1ficos, ilustraciones, fotograf\u00edas, y dem\u00e1s elementos que aparecen en el sitio Web. Igualmente, todos los nombres comerciales, marcas o signos distintivos de cualquier clase contenidos en el sitio Web est\u00e1n protegidos por la Ley. La empresa no concede ning\u00fan tipo de licencia o autorizaci\u00f3n de uso personal al Usuario sobre sus Derechos de Propiedad Intelectual e Industrial o sobre cualquier otro derecho relacionado con el sitio Web y los servicios ofrecidos en el mismo, a excepci\u00f3n de aquellos casos en los que La empresa manifieste lo contrario.<\/p>\n\n\n\n<p>El Usuario se compromete a respetar los derechos de Propiedad Intelectual e Industrial titularidad de la empresa y a acceder a los servicios del sitio Web, \u00fanica y exclusivamente para su uso personal y privado. El Usuario reconoce que la reproducci\u00f3n, distribuci\u00f3n, comercializaci\u00f3n, transformaci\u00f3n, y en general, cualquier otra forma de explotaci\u00f3n, por cualquier procedimiento, de todo o parte de los contenidos de este sitio Web, salvo en los casos expresamente autorizados, constituye una infracci\u00f3n de los Derechos de Propiedad Intelectual y\/o Industrial de la empresa o del titular de los mismos. Asimismo, el Usuario se deber\u00e1 abstener de suprimir, alterar, eludir o manipular cualquier dispositivo de protecci\u00f3n o sistema de seguridad que estuviera instalado en el sitio Web. Del mismo modo, el titular del sitio Web, editor de la publicaci\u00f3n y titular de la totalidad de los derechos de car\u00e1cter patrimonial sobre dicha obra, se opone expresamente a la reproducci\u00f3n comercial de los contenidos de esta publicaci\u00f3n digital (entre otros, art\u00edculos, fotograf\u00edas, ilustraciones, videos, etc.) a trav\u00e9s de cualquier procedimiento y soporte, sin contar con la autorizaci\u00f3n expresa y escrita de su editor, a los efectos de lo establecido en el art\u00edculo 32.1, p\u00e1rrafo segundo, de la Ley de Propiedad Intelectual.<\/p>\n\n\n\n<p>6) R\u00c9GIMEN DE RESPONSABILIDAD<\/p>\n\n\n\n<p>6.1. Responsabilidad por el Uso del Web<\/p>\n\n\n\n<p>El Usuario es el \u00fanico responsable de las infracciones en las que pueda incurrir o de los perjuicios que pueda causar por la utilizaci\u00f3n del sitio Web, quedando La empresa y sus socios, empresas del grupo, colaboradores, empleados y representantes, exonerados de cualquier clase de responsabilidad que se pudiera derivar por las acciones del Usuario. La empresa emplear\u00e1 todos los esfuerzos y medios razonables para facilitar informaci\u00f3n actualizada y fehaciente en el sitio Web, no obstante, La empresa no asume ninguna garant\u00eda en relaci\u00f3n con la ausencia de errores, o de posibles inexactitudes y\/u omisiones en ninguno de los contenidos accesibles a trav\u00e9s de este sitio Web. El Usuario es el \u00fanico responsable frente a cualquier reclamaci\u00f3n o acci\u00f3n legal, judicial o extrajudicial, iniciada por terceras personas contra La Compa\u00f1\u00eda basada en la utilizaci\u00f3n por el Usuario del sitio Web. En su caso, el Usuario asumir\u00e1 cuantos gastos, costes e indemnizaciones sean irrogados a La Compa\u00f1\u00eda con motivo de tales reclamaciones o acciones legales.<\/p>\n\n\n\n<p>6.2 Responsabilidad por el funcionamiento del Web<\/p>\n\n\n\n<p>La empresa excluye toda responsabilidad que se pudiera derivar de interferencias, omisiones, interrupciones, virus inform\u00e1ticos, aver\u00edas telef\u00f3nicas o desconexiones en el funcionamiento operativo del sistema electr\u00f3nico, motivado por causas ajenas a La Compa\u00f1\u00eda. Asimismo, la empresa tambi\u00e9n excluye cualquier responsabilidad que pudiera derivarse por retrasos o bloqueos en el funcionamiento operativo de este sistema electr\u00f3nico causado por deficiencias o sobre carga en las l\u00edneas telef\u00f3nicas o en Internet, as\u00ed como de da\u00f1os causados por terceras personas mediante intromisiones ileg\u00edtimas fuera del control de La empresa. La empresa est\u00e1 facultada para suspender temporalmente, y sin previo aviso, la accesibilidad al sitio Web con motivo de operaciones de mantenimiento, reparaci\u00f3n, actualizaci\u00f3n o mejora.<\/p>\n\n\n\n<p>6.3. Responsabilidad por links<\/p>\n\n\n\n<p>Los enlaces o links contenidos en el sitio Web pueden conducir al Usuario a otros Web gestionados por terceros. La empresa declina cualquier responsabilidad respecto a la informaci\u00f3n que se halle fuera del Web, ya que la funci\u00f3n de los links que aparecen es \u00fanicamente la de informar al Usuario sobre la existencia de otras fuentes de informaci\u00f3n sobre un tema en concreto. La empresa queda exonerada de toda responsabilidad por el correcto funcionamiento de tales enlaces, del resultado obtenido a trav\u00e9s de dichos enlaces, de la veracidad y licitud del contenido o informaci\u00f3n a la que se puede acceder, as\u00ed como de los perjuicios que pueda sufrir el Usuario en virtud de la informaci\u00f3n encontrada en el sitio Web enlazado.<\/p>\n\n\n\n<p>7) POL\u00cdTICA RESPECTO A LOS DATOS PERSONALES OBTENIDOS A TRAV\u00c9S DEL WEB<\/p>\n\n\n\n<p>Los datos personales vinculados a esta web respetan las exigencias de la legislaci\u00f3n vigente en materia de protecci\u00f3n de datos personales. La empresa tratar\u00e1 los datos de car\u00e1cter personal que se recojan a trav\u00e9s de esta web cumpliendo con la normativa vigente sobre protecci\u00f3n de datos. Le pedimos que lea detenidamente nuestra Pol\u00edtica de Protecci\u00f3n de datos.<\/p>\n\n\n\n<p>7.2 A trav\u00e9s de las cookies<\/p>\n\n\n\n<p>Este sitio Web utiliza cookies. Las cookies son peque\u00f1os ficheros de datos que se generan en el ordenador del Usuario y que nos permiten conocer la siguiente informaci\u00f3n:<\/p>\n\n\n\n<p>La fecha y la hora de la \u00faltima vez que el Usuario visit\u00f3 nuestro Web.<\/p>\n\n\n\n<p>El dise\u00f1o de contenidos que el Usuario escogi\u00f3 en su primera vista a nuestro Web.<\/p>\n\n\n\n<p>Elementos de seguridad que intervienen en el control de acceso a las \u00e1reas restringidas.<\/p>\n\n\n\n<p>Navegaci\u00f3n del Usuario por nuestro Web.<\/p>\n\n\n\n<p>El login del Usuario.<\/p>\n\n\n\n<p>El Usuario tiene la opci\u00f3n de impedir la generaci\u00f3n de cookies, mediante la selecci\u00f3n de la correspondiente opci\u00f3n en su programa Navegador.<\/p>\n\n\n\n<p>7.3 Confidencialidad<\/p>\n\n\n\n<p>La empresa se compromete al cumplimiento de su obligaci\u00f3n de secreto de los datos de car\u00e1cter personal y de su deber de guardarlos de forma confidencial, y adoptar\u00e1 las medidas necesarias para evitar su alteraci\u00f3n, p\u00e9rdida, tratamiento o acceso no autorizado, habida cuenta en todo momento del estado de la tecnolog\u00eda.<\/p>\n\n\n\n<p>8) OBSERVACIONES DEL USUARIO<\/p>\n\n\n\n<p>El Usuario garantiza que la informaci\u00f3n, material, contenidos u observaciones que no sean sus propios datos personales y que sean facilitados a La empresa a trav\u00e9s del sitio Web, no infringen los Derechos de Propiedad Intelectual o Industrial de terceros, ni ninguna otra disposici\u00f3n legal. La informaci\u00f3n, materiales, contenidos u observaciones que el Usuario facilite a La Compa\u00f1\u00eda se considerar\u00e1n no confidenciales, reserv\u00e1ndose La Compa\u00f1\u00eda el derecho a usarlas de la forma que considere m\u00e1s adecuada.<\/p>\n\n\n\n<p>9) MODIFICACIONES DE LAS CONDICIONES DE USO<\/p>\n\n\n\n<p>La empresa se reserva el derecho a modificar, desarrollar o actualizar en cualquier momento y sin previa notificaci\u00f3n, las Condiciones de Uso del presente sitio Web. El Usuario quedar\u00e1 obligado autom\u00e1ticamente por las Condiciones de Uso que se hallen vigentes en el momento en que acceda al sitio Web, por lo que deber\u00e1 leer peri\u00f3dicamente dichas Condiciones de Uso.<\/p>\n\n\n\n<p>10) LEGISLACI\u00d3N APLICABLE Y COMPETENCIA JURISDICCIONAL<\/p>\n\n\n\n<p>Todas las controversias o reclamaciones surgidas de la interpretaci\u00f3n o ejecuci\u00f3n de las presentes Condiciones de Uso se regir\u00e1n por la legislaci\u00f3n espa\u00f1ola, y se someter\u00e1n a la jurisdicci\u00f3n de los Juzgados y Tribunales de Palma de Mallorca.<\/p>\n","protected":false},"excerpt":{"rendered":"<p>1) IDENTIDAD DEL TITULAR DEL WEB El\/la titular del sitio Web www.pinkgirlbelleza.com es Yury Vanessa Hormaza Serna 41662423Q (en adelante, La empresa), domiciliada Calle de la barrera 24 bajos y direcci\u00f3n de correo electr\u00f3nico pinkgirlcentrodebelleza@gmail.com 2) ACEPTACI\u00d3N DE LAS CONDICIONES DE USO Las presentes Condiciones de Uso regulan el uso de los servicios que La &hellip;<\/p>\n<p class=\"read-more\"> <a class=\"\" href=\"https:\/\/www.pinkgirlbelleza.com\/index.php\/aviso-legal\/\"> <span class=\"screen-reader-text\">Aviso Legal<\/span> Leer m\u00e1s &raquo;<\/a><\/p>\n","protected":false},"author":1,"featured_media":0,"parent":0,"menu_order":0,"comment_status":"closed","ping_status":"open","template":"","meta":{"footnotes":""},"class_list":["post-1301","page","type-page","status-publish","hentry"],"yoast_head":"<!-- This site is optimized with the Yoast SEO plugin v16.3 - https:\/\/yoast.com\/wordpress\/plugins\/seo\/ -->\n<title>Aviso Legal - Pink Girl Belleza<\/title>\n<meta name=\"robots\" content=\"index, nofollow, max-snippet:-1, max-image-preview:large, max-video-preview:-1\" \/>\n<link rel=\"canonical\" href=\"https:\/\/www.pinkgirlbelleza.com\/index.php\/aviso-legal\/\" \/>\n<meta property=\"og:locale\" content=\"es_ES\" \/>\n<meta property=\"og:type\" content=\"article\" \/>\n<meta property=\"og:title\" content=\"Aviso Legal - Pink Girl Belleza\" \/>\n<meta property=\"og:description\" content=\"1) IDENTIDAD DEL TITULAR DEL WEB El\/la titular del sitio Web www.pinkgirlbelleza.com es Yury Vanessa Hormaza Serna 41662423Q (en adelante, La empresa), domiciliada Calle de la barrera 24 bajos y direcci\u00f3n de correo electr\u00f3nico pinkgirlcentrodebelleza@gmail.com 2) ACEPTACI\u00d3N DE LAS CONDICIONES DE USO Las presentes Condiciones de Uso regulan el uso de los servicios que La &hellip; Aviso Legal Leer m\u00e1s &raquo;\" \/>\n<meta property=\"og:url\" content=\"https:\/\/www.pinkgirlbelleza.com\/index.php\/aviso-legal\/\" \/>\n<meta property=\"og:site_name\" content=\"Pink Girl Belleza\" \/>\n<meta property=\"article:modified_time\" content=\"2021-06-19T19:30:05+00:00\" \/>\n<meta name=\"twitter:card\" content=\"summary_large_image\" \/>\n<meta name=\"twitter:label1\" content=\"Tiempo de lectura\">\n\t<meta name=\"twitter:data1\" content=\"8 minutos\">\n<script type=\"application\/ld+json\" class=\"yoast-schema-graph\">{\"@context\":\"https:\/\/schema.org\",\"@graph\":[{\"@type\":\"WebSite\",\"@id\":\"https:\/\/www.pinkgirlbelleza.com\/#website\",\"url\":\"https:\/\/www.pinkgirlbelleza.com\/\",\"name\":\"Pink Girl Belleza\",\"description\":\"En Pink Girk by Vanessa Hormaza cuidamos de tu imagen\",\"potentialAction\":[{\"@type\":\"SearchAction\",\"target\":\"https:\/\/www.pinkgirlbelleza.com\/?s={search_term_string}\",\"query-input\":\"required name=search_term_string\"}],\"inLanguage\":\"es\"},{\"@type\":\"WebPage\",\"@id\":\"https:\/\/www.pinkgirlbelleza.com\/index.php\/aviso-legal\/#webpage\",\"url\":\"https:\/\/www.pinkgirlbelleza.com\/index.php\/aviso-legal\/\",\"name\":\"Aviso Legal - Pink Girl Belleza\",\"isPartOf\":{\"@id\":\"https:\/\/www.pinkgirlbelleza.com\/#website\"},\"datePublished\":\"2021-06-19T19:30:04+00:00\",\"dateModified\":\"2021-06-19T19:30:05+00:00\",\"breadcrumb\":{\"@id\":\"https:\/\/www.pinkgirlbelleza.com\/index.php\/aviso-legal\/#breadcrumb\"},\"inLanguage\":\"es\",\"potentialAction\":[{\"@type\":\"ReadAction\",\"target\":[\"https:\/\/www.pinkgirlbelleza.com\/index.php\/aviso-legal\/\"]}]},{\"@type\":\"BreadcrumbList\",\"@id\":\"https:\/\/www.pinkgirlbelleza.com\/index.php\/aviso-legal\/#breadcrumb\",\"itemListElement\":[{\"@type\":\"ListItem\",\"position\":1,\"item\":{\"@type\":\"WebPage\",\"@id\":\"https:\/\/www.pinkgirlbelleza.com\/\",\"url\":\"https:\/\/www.pinkgirlbelleza.com\/\",\"name\":\"Portada\"}},{\"@type\":\"ListItem\",\"position\":2,\"item\":{\"@id\":\"https:\/\/www.pinkgirlbelleza.com\/index.php\/aviso-legal\/#webpage\"}}]}]}<\/script>\n<!-- \/ Yoast SEO plugin. -->","_links":{"self":[{"href":"https:\/\/www.pinkgirlbelleza.com\/index.php\/wp-json\/wp\/v2\/pages\/1301","targetHints":{"allow":["GET"]}}],"collection":[{"href":"https:\/\/www.pinkgirlbelleza.com\/index.php\/wp-json\/wp\/v2\/pages"}],"about":[{"href":"https:\/\/www.pinkgirlbelleza.com\/index.php\/wp-json\/wp\/v2\/types\/page"}],"author":[{"embeddable":true,"href":"https:\/\/www.pinkgirlbelleza.com\/index.php\/wp-json\/wp\/v2\/users\/1"}],"replies":[{"embeddable":true,"href":"https:\/\/www.pinkgirlbelleza.com\/index.php\/wp-json\/wp\/v2\/comments?post=1301"}],"version-history":[{"count":1,"href":"https:\/\/www.pinkgirlbelleza.com\/index.php\/wp-json\/wp\/v2\/pages\/1301\/revisions"}],"predecessor-version":[{"id":1302,"href":"https:\/\/www.pinkgirlbelleza.com\/index.php\/wp-json\/wp\/v2\/pages\/1301\/revisions\/1302"}],"wp:attachment":[{"href":"https:\/\/www.pinkgirlbelleza.com\/index.php\/wp-json\/wp\/v2\/media?parent=1301"}],"curies":[{"name":"wp","href":"https:\/\/api.w.org\/{rel}","templated":true}]}}